{"id":1278,"date":"2022-11-11T14:32:34","date_gmt":"2022-11-11T14:32:34","guid":{"rendered":"https:\/\/i2-smart.com\/legal-advise\/"},"modified":"2026-03-17T10:33:33","modified_gmt":"2026-03-17T10:33:33","slug":"legal-advise","status":"publish","type":"page","link":"https:\/\/i2-smart.com\/en\/legal-advise\/","title":{"rendered":"Legal Advise"},"content":{"rendered":"\t\t<div data-elementor-type=\"wp-page\" data-elementor-id=\"1278\" class=\"elementor elementor-1278 elementor-796\">\n\t\t\t\t\t\t\t\t\t<section class=\"elementor-section elementor-top-section elementor-element elementor-element-7b001f46 elementor-section-boxed elementor-section-height-default elementor-section-height-default\" data-id=\"7b001f46\" data-element_type=\"section\" data-settings=\"{&quot;background_background&quot;:&quot;classic&quot;}\">\n\t\t\t\t\t\t\t<div class=\"elementor-background-overlay\"><\/div>\n\t\t\t\t\t\t\t<div class=\"elementor-container elementor-column-gap-default\">\n\t\t\t\t\t<div class=\"elementor-column elementor-col-100 elementor-top-column elementor-element elementor-element-329f1ef0 lakit-col-width-auto-no\" data-id=\"329f1ef0\" data-element_type=\"column\">\n\t\t\t<div class=\"elementor-widget-wrap elementor-element-populated\">\n\t\t\t\t\t\t\t\t<div class=\"elementor-element elementor-element-220bb888 elementor-widget elementor-widget-heading\" data-id=\"220bb888\" data-element_type=\"widget\" data-widget_type=\"heading.default\">\n\t\t\t\t<div class=\"elementor-widget-container\">\n\t\t\t<style>\/*! elementor - v3.8.0 - 30-10-2022 *\/\n.elementor-heading-title{padding:0;margin:0;line-height:1}.elementor-widget-heading .elementor-heading-title[class*=elementor-size-]>a{color:inherit;font-size:inherit;line-height:inherit}.elementor-widget-heading .elementor-heading-title.elementor-size-small{font-size:15px}.elementor-widget-heading .elementor-heading-title.elementor-size-medium{font-size:19px}.elementor-widget-heading .elementor-heading-title.elementor-size-large{font-size:29px}.elementor-widget-heading .elementor-heading-title.elementor-size-xl{font-size:39px}.elementor-widget-heading .elementor-heading-title.elementor-size-xxl{font-size:59px}<\/style><h1 class=\"elementor-heading-title elementor-size-default\">Legal Advise<\/h1>\t\t<\/div>\n\t\t\t\t<\/div>\n\t\t\t\t\t<\/div>\n\t\t<\/div>\n\t\t\t\t\t\t\t<\/div>\n\t\t<\/section>\n\t\t\t\t<section class=\"elementor-section elementor-top-section elementor-element elementor-element-76509d60 elementor-section-boxed elementor-section-height-default elementor-section-height-default\" data-id=\"76509d60\" data-element_type=\"section\" data-settings=\"{&quot;background_background&quot;:&quot;classic&quot;}\">\n\t\t\t\t\t\t<div class=\"elementor-container elementor-column-gap-default\">\n\t\t\t\t\t<div class=\"elementor-column elementor-col-100 elementor-top-column elementor-element elementor-element-80b5fa7 lakit-col-width-auto-no\" data-id=\"80b5fa7\" data-element_type=\"column\">\n\t\t\t<div class=\"elementor-widget-wrap elementor-element-populated\">\n\t\t\t\t\t\t\t\t<div class=\"elementor-element elementor-element-4d3ba51c elementor-widget elementor-widget-text-editor\" data-id=\"4d3ba51c\" data-element_type=\"widget\" data-widget_type=\"text-editor.default\">\n\t\t\t\t<div class=\"elementor-widget-container\">\n\t\t\t<style>\/*! elementor - v3.8.0 - 30-10-2022 *\/\n.elementor-widget-text-editor.elementor-drop-cap-view-stacked .elementor-drop-cap{background-color:#818a91;color:#fff}.elementor-widget-text-editor.elementor-drop-cap-view-framed .elementor-drop-cap{color:#818a91;border:3px solid;background-color:transparent}.elementor-widget-text-editor:not(.elementor-drop-cap-view-default) .elementor-drop-cap{margin-top:8px}.elementor-widget-text-editor:not(.elementor-drop-cap-view-default) .elementor-drop-cap-letter{width:1em;height:1em}.elementor-widget-text-editor .elementor-drop-cap{float:left;text-align:center;line-height:1;font-size:50px}.elementor-widget-text-editor .elementor-drop-cap-letter{display:inline-block}<\/style>\t\t\t\t<p>To comply with article 10 of Law 34\/2002 on Services of the Information Society and Electronic Commerce, we inform users of our data:<\/p>\n<p>Company Name: I2 SMART DEV, S.L. <\/p>\n<p>Domicilio Social: Carrer Sant Joan 56 bajos, Sant Feliu de Guixols, Spain<\/p>\n<p>NIF: B22832687<\/p>\n<p>Tel\u00e9fono: +34 689 301 372<\/p>\n<p>Email: hello@i2-smart.com<\/p>\n<p>Web: i2-smart.com<\/p>\n<ol>\n<li>OBJETO<\/li>\n<\/ol>\n<p>I2 SMART DEV, S.L (hereinafter also referred to as the provider) as the website owner, makes this document available to users, which regulates the use of the website tumordehipofisis.com, with which we intend to comply with the obligations set forth in Law 34\/2002, on Information Society Services and Electronic Commerce (LSSICE or LSSI), as well as inform all users of the website about the conditions of use of the website.<\/p>\n<p>Through the website, I2 SMART DEV, S.L. provides users with access to and use of different services and content made available through the website.<\/p>\n<p>Any person who accesses this website assumes the role of user (hereinafter the user), and implies full and unreserved acceptance of each and every one of the provisions included in this Legal Notice, as well as any other legal provisions that may be of app.<\/p>\n<p>As users, they must carefully read this Legal Notice on any occasion that they enter the web, since it may be modified since the provider reserves the right to modify any type of information that may appear on the web, without there is an obligation to notify or inform users of such obligations, publication on the provider&#8217;s website being sufficient.<\/p>\n<ol start=\"2\">\n<li>CONDITIONS OF ACCESS AND USE OF THE WEB<\/li>\n<\/ol>\n<p>2.1. Free nature of access and use of the web.<\/p>\n<p>The services provided by I2 SMART DEV, S.L are free of charge for all users.<\/p>\n<p>2.2. User register.<\/p>\n<p>In general, the provision of the Services does not require prior subscription or registration of Users.<\/p>\n<p>2.3. Veracity of the information.<\/p>\n<p>All information provided by the User must be truthful. In these effects, the User guarantees the authenticity of the data communicated through the forms for the subscription of the Services. Ser\u00e1 responsabilidad del Usuario mantener toda la informaci\u00f3n facilitada a I2 SMART DEV, S.L permanentemente actualizada de forma que responda, en cada momento, a su situaci\u00f3n real. In any case, the User will be solely responsible for the false or inaccurate statements made and the damages caused to the provider or third parties.<\/p>\n<p>2.4. Minors.<\/p>\n<p>For the use of the services, minors must always previously obtain the consent of the parents, guardians or legal representatives, who are ultimately responsible for all the acts carried out by the minors under their care. The responsibility for determining the specific content accessed by minors corresponds to those, which is why if they access content that is inappropriate for the Internet, mechanisms must be established on their computers, in particular computer programs, filters, and blocks, which allow limiting the contents available and, although they are not infallible, they are especially useful for controlling and restricting the materials that minors can access.<\/p>\n<p>2.5. Obligation to make correct use of the web.<\/p>\n<p>The User undertakes to use the website in accordance with the Law and this Legal Notice, as well as morality and good customs. Indeed, the User will refrain from using the page for illegal or prohibited purposes, harmful to the rights and interests of third parties, or that in any way may damage, disable, overload, deteriorate or prevent the normal use of computer equipment or documents, files. and all kinds of content stored on any computer equipment of the provider.<\/p>\n<p>In particular, and by way of indication, but not exhaustive, the User undertakes not to transmit, disseminate or make available to third parties information, data, content, messages, graphics, drawings, sound or image files, photographs, recordings, software and In general, any kind of material that:<\/p>\n<ol>\n<li>Is contrary to, belittles or violates the fundamental rights and public liberties recognized constitutionally, in international treaties and other current regulations;<\/li>\n<li>Induce, incite or promote criminal, denigrating, defamatory, violent or, in general, actions contrary to the law, morality and public order;<\/li>\n<li>Induce, incite or promote discriminatory actions, attitudes or thoughts based on sex, race, religion, beliefs, age or condition;<\/li>\n<li>Is contrary to the right to honor, personal or family privacy or the image of people;<\/li>\n<li>In any way harm the credibility of the provider or third parties; Y<\/li>\n<li>Constitutes illegal, misleading or unfair advertising.<\/li>\n<\/ol>\n<ol start=\"3\">\n<li>EXCLUSION OF GUARANTEES AND RESPONSIBILITY<\/li>\n<\/ol>\n<p>The provider is exempt from any type of responsibility derived from the information published on our website, provided that this information has been manipulated or introduced by a third party.<\/p>\n<p>This website has been reviewed and tested so that it works correctly. In principle, correct operation can be guaranteed 365 days a year, 24 hours a day. However, the provider does not rule out the possibility of certain programming errors, or the occurrence of force majeure, natural disasters, strikes, or similar circumstances that make access to the website impossible.<\/p>\n<p>I2 SMART DEV, S.L. does not provide any guarantee nor is it liable, under any circumstances, for damages of any kind that may arise from the lack of availability, maintenance and effective operation of the website or its services and content; from the existence of viruses, malicious or harmful programs in the content; from the unlawful, negligent, fraudulent or contrary use of this Legal Notice and conditions of use; or from the lack of legality, quality, reliability, usefulness and availability of the services provided by third parties and made available to users on the website.<\/p>\n<p>The provider is not responsible under any circumstances for damages that may arise from the illegal or improper use of this website.<\/p>\n<ol start=\"4\">\n<li>COOKIES<\/li>\n<\/ol>\n<p>The provider&#8217;s website may use cookies (small information files that the server sends to the computer of the person accessing the page) to carry out certain functions that are considered essential for the proper functioning and display of the site. The cookies used are, in any case, temporary, with the sole purpose of making browsing more efficient, and they disappear at the end of the user&#8217;s session. In no case will cookies be used to collect personal information. For more information, see our Cookies Policy.<\/p>\n<ol start=\"5\">\n<li>LINKS<\/li>\n<\/ol>\n<p>From the website it is possible to be redirected to sponsored content, advertisements and\/or affiliate links and\/or third-party websites.<\/p>\n<p>Among the links provided, there is the possibility of informing or referring to third-party products and\/or services. Dado que desde la web no podemos controlar los contenidos introducidos por los terceros, I2 SMART DEV, S.L no asume ning\u00fan tipo de responsabilidad respecto a dichos contenidos, ni garantiza la experiencia, integridad o calidad de sus productos. In any case, the provider declares that it will proceed to the immediate withdrawal of any content that could contravene national or international legislation, morality or public order, proceeding to the immediate withdrawal of the redirection to these websites, informing the authorities competent the content in question<\/p>\n<p>I2 SMART DEV, S.L will keep these links published until they are removed or suspended by the provider or the advertiser, and will not be responsible even if these ads may be indexed by other search engines outside of this website.<\/p>\n<p>The provider is not responsible for the information and content stored, by way of example but not limitation, in forums, chats, blog generators, comments, social networks or any other means that allows third parties to publish content independently on the website of the provider. lender. Notwithstanding, and in compliance with the provisions of art. 11 and 16 of the LSSICE, the provider makes itself available to all users, authorities and security forces, and actively collaborates in the withdrawal or, when necessary, the blocking of all content that may affect or contravene the national or international legislation, rights of third parties or morality and public order. In the event that the user considers that there may be some content that could be susceptible to this classification, please notify the website administrator immediately.<\/p>\n<p>However, I2 SMART DEV, S.L. informs you that any contractual or extra-contractual relationship that the user establishes with these third parties, affiliates or advertisers through the link provided by this website will be valid solely and exclusively between the user and the advertiser and\/or third party, and I2 SMART DEV, S.L. will not have any responsibility for any damages or losses that may be caused by the provision of services and\/or contractual or extra-contractual relationships made between the user and the advertisers or third parties contacted through this portal, since the provider only acts as an intermediary or advertising medium.<\/p>\n<ol start=\"6\">\n<li>PERSONAL DATA PROTECTION<\/li>\n<\/ol>\n<p>The provider is deeply committed to complying with the personal data protection regulations and guarantees full compliance with the obligations provided, as well as the implementation of the security measures provided in the European Data Protection Regulation and the Spanish protection regulations. of data. For more information, see our Privacy Policy.<\/p>\n<ol start=\"7\">\n<li>INTELLECTUAL AND INDUSTRIAL PROPERTY<\/li>\n<\/ol>\n<p>The website, including but not limited to: the programming, editing, compilation and other elements necessary for its operation, the designs, logos, texts, photographs and \/ or graphics are the property of the provider or, if it were necessary, has the license or express authorization from the authors. All the contents of the website are duly protected by intellectual and industrial property regulations.<\/p>\n<p>Regardless of the purpose for which they were intended, the total or partial reproduction, use, distribution and public communication require the prior written authorization of the provider. Any use not previously authorized by the provider will be considered a serious breach of the intellectual or industrial property rights of the author.<\/p>\n<p>The designs, logos, text and \/ or graphics outside the provider and that may appear on the website, belong to their respective owners, being themselves responsible for any possible controversy that may arise with respect to them. In any case, the provider has the express and prior authorization from them.<\/p>\n<p>The provider acknowledges in favor of their owners the corresponding industrial and intellectual property rights, not implying the mention or appearance on the website of the existence of rights or responsibility of the provider over them, nor endorsement, sponsorship or recommendation by of the same.<\/p>\n<p>To make any type of observation regarding possible breaches of intellectual or industrial property rights, as well as any of the contents of the website, you can do so through the email address mentioned above.<\/p>\n<ol start=\"8\">\n<li>APPLICABLE LAW AND JURISDICTION<\/li>\n<\/ol>\n<p>For the resolution of controversies or issues related to this website or the activities carried out on it, Spanish legislation will apply, to which the parties expressly submit, being competent to resolve all derived or related conflicts. with its use the Courts and Tribunals of Barcelona.<\/p>\n\t\t\t\t\t\t<\/div>\n\t\t\t\t<\/div>\n\t\t\t\t\t<\/div>\n\t\t<\/div>\n\t\t\t\t\t\t\t<\/div>\n\t\t<\/section>\n\t\t\t\t\t\t\t<\/div>\n\t\t","protected":false},"excerpt":{"rendered":"<p>Legal Advise To comply with article 10 of Law 34\/2002 on Services of the Information Society and Electronic Commerce, we inform users of our data: Company Name: I2 SMART DEV, S.L. Domicilio Social: Carrer Sant Joan 56 bajos, Sant Feliu de Guixols, Spain NIF: B22832687 Tel\u00e9fono: +34 689 301 372 Email: hello@i2-smart.com Web: i2-smart.com OBJETO [&hellip;]<\/p>\n","protected":false},"author":3,"featured_media":0,"parent":0,"menu_order":0,"comment_status":"closed","ping_status":"closed","template":"elementor_header_footer","meta":{"footnotes":""},"class_list":["post-1278","page","type-page","status-publish","hentry"],"yoast_head":"<!-- This site is optimized with the Yoast SEO plugin v19.10 - https:\/\/yoast.com\/wordpress\/plugins\/seo\/ -->\n<title>Legal Advise - i2 Smart<\/title>\n<meta name=\"robots\" content=\"index, follow, max-snippet:-1, max-image-preview:large, max-video-preview:-1\" \/>\n<link rel=\"canonical\" href=\"https:\/\/i2-smart.com\/en\/legal-advise\/\" \/>\n<meta property=\"og:locale\" content=\"en_US\" \/>\n<meta property=\"og:type\" content=\"article\" \/>\n<meta property=\"og:title\" content=\"Legal Advise - i2 Smart\" \/>\n<meta property=\"og:description\" content=\"Legal Advise To comply with article 10 of Law 34\/2002 on Services of the Information Society and Electronic Commerce, we inform users of our data: Company Name: I2 SMART DEV, S.L. Domicilio Social: Carrer Sant Joan 56 bajos, Sant Feliu de Guixols, Spain NIF: B22832687 Tel\u00e9fono: +34 689 301 372 Email: hello@i2-smart.com Web: i2-smart.com OBJETO [&hellip;]\" \/>\n<meta property=\"og:url\" content=\"https:\/\/i2-smart.com\/en\/legal-advise\/\" \/>\n<meta property=\"og:site_name\" content=\"i2 Smart\" \/>\n<meta property=\"article:modified_time\" content=\"2026-03-17T10:33:33+00:00\" \/>\n<meta name=\"twitter:card\" content=\"summary_large_image\" \/>\n<meta name=\"twitter:label1\" content=\"Est. reading time\" \/>\n\t<meta name=\"twitter:data1\" content=\"9 minutes\" \/>\n<script type=\"application\/ld+json\" class=\"yoast-schema-graph\">{\"@context\":\"https:\/\/schema.org\",\"@graph\":[{\"@type\":\"WebPage\",\"@id\":\"https:\/\/i2-smart.com\/en\/legal-advise\/\",\"url\":\"https:\/\/i2-smart.com\/en\/legal-advise\/\",\"name\":\"Legal Advise - i2 Smart\",\"isPartOf\":{\"@id\":\"https:\/\/i2-smart.com\/#website\"},\"datePublished\":\"2022-11-11T14:32:34+00:00\",\"dateModified\":\"2026-03-17T10:33:33+00:00\",\"breadcrumb\":{\"@id\":\"https:\/\/i2-smart.com\/en\/legal-advise\/#breadcrumb\"},\"inLanguage\":\"en-US\",\"potentialAction\":[{\"@type\":\"ReadAction\",\"target\":[\"https:\/\/i2-smart.com\/en\/legal-advise\/\"]}]},{\"@type\":\"BreadcrumbList\",\"@id\":\"https:\/\/i2-smart.com\/en\/legal-advise\/#breadcrumb\",\"itemListElement\":[{\"@type\":\"ListItem\",\"position\":1,\"name\":\"Portada\",\"item\":\"https:\/\/i2-smart.com\/en\/home\/\"},{\"@type\":\"ListItem\",\"position\":2,\"name\":\"Legal Advise\"}]},{\"@type\":\"WebSite\",\"@id\":\"https:\/\/i2-smart.com\/#website\",\"url\":\"https:\/\/i2-smart.com\/\",\"name\":\"i2 Smart\",\"description\":\"i2Smart | Tu pr\u00f3ximo propietario, socio o promotor\",\"publisher\":{\"@id\":\"https:\/\/i2-smart.com\/#organization\"},\"potentialAction\":[{\"@type\":\"SearchAction\",\"target\":{\"@type\":\"EntryPoint\",\"urlTemplate\":\"https:\/\/i2-smart.com\/?s={search_term_string}\"},\"query-input\":\"required name=search_term_string\"}],\"inLanguage\":\"en-US\"},{\"@type\":\"Organization\",\"@id\":\"https:\/\/i2-smart.com\/#organization\",\"name\":\"i2 Smart\",\"url\":\"https:\/\/i2-smart.com\/\",\"logo\":{\"@type\":\"ImageObject\",\"inLanguage\":\"en-US\",\"@id\":\"https:\/\/i2-smart.com\/#\/schema\/logo\/image\/\",\"url\":\"http:\/\/i2-smart.com\/wp-content\/uploads\/2022\/10\/i2-smart-1.png\",\"contentUrl\":\"http:\/\/i2-smart.com\/wp-content\/uploads\/2022\/10\/i2-smart-1.png\",\"width\":500,\"height\":362,\"caption\":\"i2 Smart\"},\"image\":{\"@id\":\"https:\/\/i2-smart.com\/#\/schema\/logo\/image\/\"}}]}<\/script>\n<!-- \/ Yoast SEO plugin. -->","yoast_head_json":{"title":"Legal Advise - i2 Smart","robots":{"index":"index","follow":"follow","max-snippet":"max-snippet:-1","max-image-preview":"max-image-preview:large","max-video-preview":"max-video-preview:-1"},"canonical":"https:\/\/i2-smart.com\/en\/legal-advise\/","og_locale":"en_US","og_type":"article","og_title":"Legal Advise - i2 Smart","og_description":"Legal Advise To comply with article 10 of Law 34\/2002 on Services of the Information Society and Electronic Commerce, we inform users of our data: Company Name: I2 SMART DEV, S.L. Domicilio Social: Carrer Sant Joan 56 bajos, Sant Feliu de Guixols, Spain NIF: B22832687 Tel\u00e9fono: +34 689 301 372 Email: hello@i2-smart.com Web: i2-smart.com OBJETO [&hellip;]","og_url":"https:\/\/i2-smart.com\/en\/legal-advise\/","og_site_name":"i2 Smart","article_modified_time":"2026-03-17T10:33:33+00:00","twitter_card":"summary_large_image","twitter_misc":{"Est. reading time":"9 minutes"},"schema":{"@context":"https:\/\/schema.org","@graph":[{"@type":"WebPage","@id":"https:\/\/i2-smart.com\/en\/legal-advise\/","url":"https:\/\/i2-smart.com\/en\/legal-advise\/","name":"Legal Advise - i2 Smart","isPartOf":{"@id":"https:\/\/i2-smart.com\/#website"},"datePublished":"2022-11-11T14:32:34+00:00","dateModified":"2026-03-17T10:33:33+00:00","breadcrumb":{"@id":"https:\/\/i2-smart.com\/en\/legal-advise\/#breadcrumb"},"inLanguage":"en-US","potentialAction":[{"@type":"ReadAction","target":["https:\/\/i2-smart.com\/en\/legal-advise\/"]}]},{"@type":"BreadcrumbList","@id":"https:\/\/i2-smart.com\/en\/legal-advise\/#breadcrumb","itemListElement":[{"@type":"ListItem","position":1,"name":"Portada","item":"https:\/\/i2-smart.com\/en\/home\/"},{"@type":"ListItem","position":2,"name":"Legal Advise"}]},{"@type":"WebSite","@id":"https:\/\/i2-smart.com\/#website","url":"https:\/\/i2-smart.com\/","name":"i2 Smart","description":"i2Smart | Tu pr\u00f3ximo propietario, socio o promotor","publisher":{"@id":"https:\/\/i2-smart.com\/#organization"},"potentialAction":[{"@type":"SearchAction","target":{"@type":"EntryPoint","urlTemplate":"https:\/\/i2-smart.com\/?s={search_term_string}"},"query-input":"required name=search_term_string"}],"inLanguage":"en-US"},{"@type":"Organization","@id":"https:\/\/i2-smart.com\/#organization","name":"i2 Smart","url":"https:\/\/i2-smart.com\/","logo":{"@type":"ImageObject","inLanguage":"en-US","@id":"https:\/\/i2-smart.com\/#\/schema\/logo\/image\/","url":"http:\/\/i2-smart.com\/wp-content\/uploads\/2022\/10\/i2-smart-1.png","contentUrl":"http:\/\/i2-smart.com\/wp-content\/uploads\/2022\/10\/i2-smart-1.png","width":500,"height":362,"caption":"i2 Smart"},"image":{"@id":"https:\/\/i2-smart.com\/#\/schema\/logo\/image\/"}}]}},"_links":{"self":[{"href":"https:\/\/i2-smart.com\/en\/wp-json\/wp\/v2\/pages\/1278","targetHints":{"allow":["GET"]}}],"collection":[{"href":"https:\/\/i2-smart.com\/en\/wp-json\/wp\/v2\/pages"}],"about":[{"href":"https:\/\/i2-smart.com\/en\/wp-json\/wp\/v2\/types\/page"}],"author":[{"embeddable":true,"href":"https:\/\/i2-smart.com\/en\/wp-json\/wp\/v2\/users\/3"}],"replies":[{"embeddable":true,"href":"https:\/\/i2-smart.com\/en\/wp-json\/wp\/v2\/comments?post=1278"}],"version-history":[{"count":5,"href":"https:\/\/i2-smart.com\/en\/wp-json\/wp\/v2\/pages\/1278\/revisions"}],"predecessor-version":[{"id":1487,"href":"https:\/\/i2-smart.com\/en\/wp-json\/wp\/v2\/pages\/1278\/revisions\/1487"}],"wp:attachment":[{"href":"https:\/\/i2-smart.com\/en\/wp-json\/wp\/v2\/media?parent=1278"}],"curies":[{"name":"wp","href":"https:\/\/api.w.org\/{rel}","templated":true}]}}